{"id":5768,"date":"2024-02-12T10:40:40","date_gmt":"2024-02-12T10:40:40","guid":{"rendered":"https:\/\/kosezadeinsaat.com\/ozkan-kosezade\/?post_type=product&#038;p=5768"},"modified":"2024-02-12T10:40:40","modified_gmt":"2024-02-12T10:40:40","slug":"troya-100-mat-beyaz","status":"publish","type":"product","link":"https:\/\/kosezadeinsaat.com\/ozkan-kosezade\/product\/troya-100-mat-beyaz\/","title":{"rendered":"TROYA 100- Mat Beyaz"},"content":{"rendered":"","protected":false},"excerpt":{"rendered":"<p><strong>100*50 cm<\/strong><\/p>\n<p><strong>Derinlik: 21 cm<\/strong><\/p>\n<p><strong>Kullan\u0131m \u015eekilleri: Tezgah \u00dcst\u00fc, Tezgaha S\u0131f\u0131r<\/strong><\/p>\n<p><strong>1,5 G\u00f6z\u00a0<\/strong><\/p>\n","protected":false},"featured_media":5769,"template":"","meta":{"_mi_skip_tracking":false},"product_cat":[224],"product_tag":[],"class_list":["post-5768","product","type-product","status-publish","has-post-thumbnail","hentry","product_cat-realstone"],"_links":{"self":[{"href":"https:\/\/kosezadeinsaat.com\/ozkan-kosezade\/wp-json\/wp\/v2\/product\/5768","targetHints":{"allow":["GET"]}}],"collection":[{"href":"https:\/\/kosezadeinsaat.com\/ozkan-kosezade\/wp-json\/wp\/v2\/product"}],"about":[{"href":"https:\/\/kosezadeinsaat.com\/ozkan-kosezade\/wp-json\/wp\/v2\/types\/product"}],"wp:featuredmedia":[{"embeddable":true,"href":"https:\/\/kosezadeinsaat.com\/ozkan-kosezade\/wp-json\/wp\/v2\/media\/5769"}],"wp:attachment":[{"href":"https:\/\/kosezadeinsaat.com\/ozkan-kosezade\/wp-json\/wp\/v2\/media?parent=5768"}],"wp:term":[{"taxonomy":"product_cat","embeddable":true,"href":"https:\/\/kosezadeinsaat.com\/ozkan-kosezade\/wp-json\/wp\/v2\/product_cat?post=5768"},{"taxonomy":"product_tag","embeddable":true,"href":"https:\/\/kosezadeinsaat.com\/ozkan-kosezade\/wp-json\/wp\/v2\/product_tag?post=5768"}],"curies":[{"name":"wp","href":"https:\/\/api.w.org\/{rel}","templated":true}]}}