{"id":5754,"date":"2024-02-12T10:27:01","date_gmt":"2024-02-12T10:27:01","guid":{"rendered":"https:\/\/kosezadeinsaat.com\/ozkan-kosezade\/?post_type=product&#038;p=5754"},"modified":"2024-02-12T10:27:01","modified_gmt":"2024-02-12T10:27:01","slug":"assos-86xl-mat-krem","status":"publish","type":"product","link":"https:\/\/kosezadeinsaat.com\/ozkan-kosezade\/product\/assos-86xl-mat-krem\/","title":{"rendered":"ASSOS 86XL- Mat Krem"},"content":{"rendered":"","protected":false},"excerpt":{"rendered":"<p><strong>86*43,5 cm<\/strong><\/p>\n<p><strong>Derinlik: 21 cm<\/strong><\/p>\n<p><strong>Kullan\u0131m \u015eekilleri: Tezgah \u00dcst\u00fc, Tezgaha S\u0131f\u0131r<\/strong><\/p>\n","protected":false},"featured_media":5755,"template":"","meta":{"_mi_skip_tracking":false},"product_cat":[224],"product_tag":[],"class_list":["post-5754","product","type-product","status-publish","has-post-thumbnail","hentry","product_cat-realstone"],"_links":{"self":[{"href":"https:\/\/kosezadeinsaat.com\/ozkan-kosezade\/wp-json\/wp\/v2\/product\/5754","targetHints":{"allow":["GET"]}}],"collection":[{"href":"https:\/\/kosezadeinsaat.com\/ozkan-kosezade\/wp-json\/wp\/v2\/product"}],"about":[{"href":"https:\/\/kosezadeinsaat.com\/ozkan-kosezade\/wp-json\/wp\/v2\/types\/product"}],"wp:featuredmedia":[{"embeddable":true,"href":"https:\/\/kosezadeinsaat.com\/ozkan-kosezade\/wp-json\/wp\/v2\/media\/5755"}],"wp:attachment":[{"href":"https:\/\/kosezadeinsaat.com\/ozkan-kosezade\/wp-json\/wp\/v2\/media?parent=5754"}],"wp:term":[{"taxonomy":"product_cat","embeddable":true,"href":"https:\/\/kosezadeinsaat.com\/ozkan-kosezade\/wp-json\/wp\/v2\/product_cat?post=5754"},{"taxonomy":"product_tag","embeddable":true,"href":"https:\/\/kosezadeinsaat.com\/ozkan-kosezade\/wp-json\/wp\/v2\/product_tag?post=5754"}],"curies":[{"name":"wp","href":"https:\/\/api.w.org\/{rel}","templated":true}]}}