{"id":5735,"date":"2024-02-12T09:57:40","date_gmt":"2024-02-12T09:57:40","guid":{"rendered":"https:\/\/kosezadeinsaat.com\/ozkan-kosezade\/?post_type=product&#038;p=5735"},"modified":"2024-02-12T09:57:40","modified_gmt":"2024-02-12T09:57:40","slug":"gordion-52-mat-beyaz","status":"publish","type":"product","link":"https:\/\/kosezadeinsaat.com\/ozkan-kosezade\/product\/gordion-52-mat-beyaz\/","title":{"rendered":"GORDION 52- Mat Beyaz"},"content":{"rendered":"","protected":false},"excerpt":{"rendered":"<p><strong>52*47 cm<\/strong><\/p>\n<p><strong>Derinlik: 21 cm<\/strong><\/p>\n<p><strong>Kullan\u0131m \u015eekilleri: Tezgah Alt\u0131, Tezgah \u00dcst\u00fc, Tezgaha S\u0131f\u0131r<\/strong><\/p>\n","protected":false},"featured_media":5736,"template":"","meta":{"_mi_skip_tracking":false},"product_cat":[224],"product_tag":[],"class_list":["post-5735","product","type-product","status-publish","has-post-thumbnail","hentry","product_cat-realstone"],"_links":{"self":[{"href":"https:\/\/kosezadeinsaat.com\/ozkan-kosezade\/wp-json\/wp\/v2\/product\/5735","targetHints":{"allow":["GET"]}}],"collection":[{"href":"https:\/\/kosezadeinsaat.com\/ozkan-kosezade\/wp-json\/wp\/v2\/product"}],"about":[{"href":"https:\/\/kosezadeinsaat.com\/ozkan-kosezade\/wp-json\/wp\/v2\/types\/product"}],"wp:featuredmedia":[{"embeddable":true,"href":"https:\/\/kosezadeinsaat.com\/ozkan-kosezade\/wp-json\/wp\/v2\/media\/5736"}],"wp:attachment":[{"href":"https:\/\/kosezadeinsaat.com\/ozkan-kosezade\/wp-json\/wp\/v2\/media?parent=5735"}],"wp:term":[{"taxonomy":"product_cat","embeddable":true,"href":"https:\/\/kosezadeinsaat.com\/ozkan-kosezade\/wp-json\/wp\/v2\/product_cat?post=5735"},{"taxonomy":"product_tag","embeddable":true,"href":"https:\/\/kosezadeinsaat.com\/ozkan-kosezade\/wp-json\/wp\/v2\/product_tag?post=5735"}],"curies":[{"name":"wp","href":"https:\/\/api.w.org\/{rel}","templated":true}]}}