{"id":5674,"date":"2024-02-08T14:48:40","date_gmt":"2024-02-08T14:48:40","guid":{"rendered":"https:\/\/kosezadeinsaat.com\/ozkan-kosezade\/?post_type=product&#038;p=5674"},"modified":"2024-02-08T14:48:40","modified_gmt":"2024-02-08T14:48:40","slug":"sottile-slim-line-mat-siyah-tezgah-ustu-lavabo","status":"publish","type":"product","link":"https:\/\/kosezadeinsaat.com\/ozkan-kosezade\/product\/sottile-slim-line-mat-siyah-tezgah-ustu-lavabo\/","title":{"rendered":"SOTT\u0130LE SL\u0130M L\u0130NE- Mat Siyah Tezgah \u00dcst\u00fc Lavabo"},"content":{"rendered":"","protected":false},"excerpt":{"rendered":"<p><strong>38 cm<\/strong><\/p>\n","protected":false},"featured_media":5675,"template":"","meta":{"_mi_skip_tracking":false},"product_cat":[223],"product_tag":[],"class_list":["post-5674","product","type-product","status-publish","has-post-thumbnail","hentry","product_cat-bocchi-lavabo-gruplari"],"_links":{"self":[{"href":"https:\/\/kosezadeinsaat.com\/ozkan-kosezade\/wp-json\/wp\/v2\/product\/5674","targetHints":{"allow":["GET"]}}],"collection":[{"href":"https:\/\/kosezadeinsaat.com\/ozkan-kosezade\/wp-json\/wp\/v2\/product"}],"about":[{"href":"https:\/\/kosezadeinsaat.com\/ozkan-kosezade\/wp-json\/wp\/v2\/types\/product"}],"wp:featuredmedia":[{"embeddable":true,"href":"https:\/\/kosezadeinsaat.com\/ozkan-kosezade\/wp-json\/wp\/v2\/media\/5675"}],"wp:attachment":[{"href":"https:\/\/kosezadeinsaat.com\/ozkan-kosezade\/wp-json\/wp\/v2\/media?parent=5674"}],"wp:term":[{"taxonomy":"product_cat","embeddable":true,"href":"https:\/\/kosezadeinsaat.com\/ozkan-kosezade\/wp-json\/wp\/v2\/product_cat?post=5674"},{"taxonomy":"product_tag","embeddable":true,"href":"https:\/\/kosezadeinsaat.com\/ozkan-kosezade\/wp-json\/wp\/v2\/product_tag?post=5674"}],"curies":[{"name":"wp","href":"https:\/\/api.w.org\/{rel}","templated":true}]}}