{"id":5658,"date":"2024-02-08T14:33:18","date_gmt":"2024-02-08T14:33:18","guid":{"rendered":"https:\/\/kosezadeinsaat.com\/ozkan-kosezade\/?post_type=product&#038;p=5658"},"modified":"2024-02-08T14:41:42","modified_gmt":"2024-02-08T14:41:42","slug":"venezia-rimless-mat-siyah","status":"publish","type":"product","link":"https:\/\/kosezadeinsaat.com\/ozkan-kosezade\/product\/venezia-rimless-mat-siyah\/","title":{"rendered":"VENEZIA Rimless- Mat Siyah"},"content":{"rendered":"","protected":false},"excerpt":{"rendered":"<p class=\"title\"><strong>Taharet Su Giri\u015fi: Taharet Ba\u011flant\u0131s\u0131z<\/strong><\/p>\n<p><strong>34,72 kg<\/strong><\/p>\n<p><strong>56 cm<\/strong><\/p>\n","protected":false},"featured_media":5659,"template":"","meta":{"_mi_skip_tracking":false},"product_cat":[221],"product_tag":[],"class_list":["post-5658","product","type-product","status-publish","has-post-thumbnail","hentry","product_cat-duvara-sifir-klozetler-bocchi"],"_links":{"self":[{"href":"https:\/\/kosezadeinsaat.com\/ozkan-kosezade\/wp-json\/wp\/v2\/product\/5658","targetHints":{"allow":["GET"]}}],"collection":[{"href":"https:\/\/kosezadeinsaat.com\/ozkan-kosezade\/wp-json\/wp\/v2\/product"}],"about":[{"href":"https:\/\/kosezadeinsaat.com\/ozkan-kosezade\/wp-json\/wp\/v2\/types\/product"}],"wp:featuredmedia":[{"embeddable":true,"href":"https:\/\/kosezadeinsaat.com\/ozkan-kosezade\/wp-json\/wp\/v2\/media\/5659"}],"wp:attachment":[{"href":"https:\/\/kosezadeinsaat.com\/ozkan-kosezade\/wp-json\/wp\/v2\/media?parent=5658"}],"wp:term":[{"taxonomy":"product_cat","embeddable":true,"href":"https:\/\/kosezadeinsaat.com\/ozkan-kosezade\/wp-json\/wp\/v2\/product_cat?post=5658"},{"taxonomy":"product_tag","embeddable":true,"href":"https:\/\/kosezadeinsaat.com\/ozkan-kosezade\/wp-json\/wp\/v2\/product_tag?post=5658"}],"curies":[{"name":"wp","href":"https:\/\/api.w.org\/{rel}","templated":true}]}}