{"id":5407,"date":"2022-05-06T13:56:24","date_gmt":"2022-05-06T13:56:24","guid":{"rendered":"https:\/\/kosezadeinsaat.com\/ozkan-kosezade\/?post_type=product&#038;p=5407"},"modified":"2022-05-10T11:25:43","modified_gmt":"2022-05-10T11:25:43","slug":"alanya-kapaksiz-kagitlik","status":"publish","type":"product","link":"https:\/\/kosezadeinsaat.com\/ozkan-kosezade\/product\/alanya-kapaksiz-kagitlik\/","title":{"rendered":"ALANYA Kapaks\u0131z Ka\u011f\u0131tl\u0131k"},"content":{"rendered":"","protected":false},"excerpt":{"rendered":"","protected":false},"featured_media":0,"template":"","meta":{"_mi_skip_tracking":false},"product_cat":[195],"product_tag":[],"class_list":["post-5407","product","type-product","status-publish","hentry","product_cat-alanya-serisi"],"_links":{"self":[{"href":"https:\/\/kosezadeinsaat.com\/ozkan-kosezade\/wp-json\/wp\/v2\/product\/5407","targetHints":{"allow":["GET"]}}],"collection":[{"href":"https:\/\/kosezadeinsaat.com\/ozkan-kosezade\/wp-json\/wp\/v2\/product"}],"about":[{"href":"https:\/\/kosezadeinsaat.com\/ozkan-kosezade\/wp-json\/wp\/v2\/types\/product"}],"wp:attachment":[{"href":"https:\/\/kosezadeinsaat.com\/ozkan-kosezade\/wp-json\/wp\/v2\/media?parent=5407"}],"wp:term":[{"taxonomy":"product_cat","embeddable":true,"href":"https:\/\/kosezadeinsaat.com\/ozkan-kosezade\/wp-json\/wp\/v2\/product_cat?post=5407"},{"taxonomy":"product_tag","embeddable":true,"href":"https:\/\/kosezadeinsaat.com\/ozkan-kosezade\/wp-json\/wp\/v2\/product_tag?post=5407"}],"curies":[{"name":"wp","href":"https:\/\/api.w.org\/{rel}","templated":true}]}}