{"id":5403,"date":"2022-05-06T13:50:53","date_gmt":"2022-05-06T13:50:53","guid":{"rendered":"https:\/\/kosezadeinsaat.com\/ozkan-kosezade\/?post_type=product&#038;p=5403"},"modified":"2022-05-10T11:25:43","modified_gmt":"2022-05-10T11:25:43","slug":"alanya-ikili-askilik","status":"publish","type":"product","link":"https:\/\/kosezadeinsaat.com\/ozkan-kosezade\/product\/alanya-ikili-askilik\/","title":{"rendered":"ALANYA \u0130kili Ask\u0131l\u0131k"},"content":{"rendered":"","protected":false},"excerpt":{"rendered":"","protected":false},"featured_media":5404,"template":"","meta":{"_mi_skip_tracking":false},"product_cat":[195],"product_tag":[],"class_list":["post-5403","product","type-product","status-publish","has-post-thumbnail","hentry","product_cat-alanya-serisi"],"_links":{"self":[{"href":"https:\/\/kosezadeinsaat.com\/ozkan-kosezade\/wp-json\/wp\/v2\/product\/5403","targetHints":{"allow":["GET"]}}],"collection":[{"href":"https:\/\/kosezadeinsaat.com\/ozkan-kosezade\/wp-json\/wp\/v2\/product"}],"about":[{"href":"https:\/\/kosezadeinsaat.com\/ozkan-kosezade\/wp-json\/wp\/v2\/types\/product"}],"wp:featuredmedia":[{"embeddable":true,"href":"https:\/\/kosezadeinsaat.com\/ozkan-kosezade\/wp-json\/wp\/v2\/media\/5404"}],"wp:attachment":[{"href":"https:\/\/kosezadeinsaat.com\/ozkan-kosezade\/wp-json\/wp\/v2\/media?parent=5403"}],"wp:term":[{"taxonomy":"product_cat","embeddable":true,"href":"https:\/\/kosezadeinsaat.com\/ozkan-kosezade\/wp-json\/wp\/v2\/product_cat?post=5403"},{"taxonomy":"product_tag","embeddable":true,"href":"https:\/\/kosezadeinsaat.com\/ozkan-kosezade\/wp-json\/wp\/v2\/product_tag?post=5403"}],"curies":[{"name":"wp","href":"https:\/\/api.w.org\/{rel}","templated":true}]}}