{"id":5386,"date":"2022-05-06T13:26:17","date_gmt":"2022-05-06T13:26:17","guid":{"rendered":"https:\/\/kosezadeinsaat.com\/ozkan-kosezade\/?post_type=product&#038;p=5386"},"modified":"2024-02-12T14:20:10","modified_gmt":"2024-02-12T14:20:10","slug":"pvc-kep-semer-cati-vidasi","status":"publish","type":"product","link":"https:\/\/kosezadeinsaat.com\/ozkan-kosezade\/product\/pvc-kep-semer-cati-vidasi\/","title":{"rendered":"PVC SEMER-KEP-\u00c7ATI V\u0130DASI"},"content":{"rendered":"","protected":false},"excerpt":{"rendered":"<p>Renk \u00c7e\u015fitleri: K\u0131rm\u0131z\u0131, Ye\u015fil<\/p>\n","protected":false},"featured_media":5794,"template":"","meta":{"_mi_skip_tracking":false},"product_cat":[193],"product_tag":[],"class_list":["post-5386","product","type-product","status-publish","has-post-thumbnail","hentry","product_cat-pvc-cati-paneli"],"_links":{"self":[{"href":"https:\/\/kosezadeinsaat.com\/ozkan-kosezade\/wp-json\/wp\/v2\/product\/5386","targetHints":{"allow":["GET"]}}],"collection":[{"href":"https:\/\/kosezadeinsaat.com\/ozkan-kosezade\/wp-json\/wp\/v2\/product"}],"about":[{"href":"https:\/\/kosezadeinsaat.com\/ozkan-kosezade\/wp-json\/wp\/v2\/types\/product"}],"wp:featuredmedia":[{"embeddable":true,"href":"https:\/\/kosezadeinsaat.com\/ozkan-kosezade\/wp-json\/wp\/v2\/media\/5794"}],"wp:attachment":[{"href":"https:\/\/kosezadeinsaat.com\/ozkan-kosezade\/wp-json\/wp\/v2\/media?parent=5386"}],"wp:term":[{"taxonomy":"product_cat","embeddable":true,"href":"https:\/\/kosezadeinsaat.com\/ozkan-kosezade\/wp-json\/wp\/v2\/product_cat?post=5386"},{"taxonomy":"product_tag","embeddable":true,"href":"https:\/\/kosezadeinsaat.com\/ozkan-kosezade\/wp-json\/wp\/v2\/product_tag?post=5386"}],"curies":[{"name":"wp","href":"https:\/\/api.w.org\/{rel}","templated":true}]}}