{"id":5377,"date":"2022-05-06T08:08:39","date_gmt":"2022-05-06T08:08:39","guid":{"rendered":"https:\/\/kosezadeinsaat.com\/ozkan-kosezade\/?post_type=product&#038;p=5377"},"modified":"2022-05-10T11:25:37","modified_gmt":"2022-05-10T11:25:37","slug":"cati-paneli-kiremit-levha-gri","status":"publish","type":"product","link":"https:\/\/kosezadeinsaat.com\/ozkan-kosezade\/product\/cati-paneli-kiremit-levha-gri\/","title":{"rendered":"\u00c7ATI PANEL\u0130 (Kiremit Levha)- Gri"},"content":{"rendered":"","protected":false},"excerpt":{"rendered":"<p><strong>\u00d6l\u00e7\u00fc \u00c7e\u015fitleri: 90&#215;306 cm,\u00a0 90&#215;394 cm<\/strong><\/p>\n","protected":false},"featured_media":5378,"template":"","meta":{"_mi_skip_tracking":false},"product_cat":[193],"product_tag":[],"class_list":["post-5377","product","type-product","status-publish","has-post-thumbnail","hentry","product_cat-pvc-cati-paneli"],"_links":{"self":[{"href":"https:\/\/kosezadeinsaat.com\/ozkan-kosezade\/wp-json\/wp\/v2\/product\/5377","targetHints":{"allow":["GET"]}}],"collection":[{"href":"https:\/\/kosezadeinsaat.com\/ozkan-kosezade\/wp-json\/wp\/v2\/product"}],"about":[{"href":"https:\/\/kosezadeinsaat.com\/ozkan-kosezade\/wp-json\/wp\/v2\/types\/product"}],"wp:featuredmedia":[{"embeddable":true,"href":"https:\/\/kosezadeinsaat.com\/ozkan-kosezade\/wp-json\/wp\/v2\/media\/5378"}],"wp:attachment":[{"href":"https:\/\/kosezadeinsaat.com\/ozkan-kosezade\/wp-json\/wp\/v2\/media?parent=5377"}],"wp:term":[{"taxonomy":"product_cat","embeddable":true,"href":"https:\/\/kosezadeinsaat.com\/ozkan-kosezade\/wp-json\/wp\/v2\/product_cat?post=5377"},{"taxonomy":"product_tag","embeddable":true,"href":"https:\/\/kosezadeinsaat.com\/ozkan-kosezade\/wp-json\/wp\/v2\/product_tag?post=5377"}],"curies":[{"name":"wp","href":"https:\/\/api.w.org\/{rel}","templated":true}]}}