{"id":5295,"date":"2022-05-05T13:05:29","date_gmt":"2022-05-05T13:05:29","guid":{"rendered":"https:\/\/kosezadeinsaat.com\/ozkan-kosezade\/?post_type=product&#038;p=5295"},"modified":"2022-05-10T11:25:04","modified_gmt":"2022-05-10T11:25:04","slug":"reduksiyon-bus-32-mm","status":"publish","type":"product","link":"https:\/\/kosezadeinsaat.com\/ozkan-kosezade\/product\/reduksiyon-bus-32-mm\/","title":{"rendered":"RED\u00dcKS\u0130YON (Bu\u015f)- 3,2 mm"},"content":{"rendered":"","protected":false},"excerpt":{"rendered":"<p><strong>\u00d6l\u00e7\u00fc \u00c7e\u015fitleri:<\/strong><\/p>\n<p><strong>3&#215;2 in\u00e7 (75x50mm), 4&#215;2 in\u00e7 (110x50mm), 4&#215;3 in\u00e7 (110x75mm), 4 in\u00e7 (110x110mm), 5&#215;3 in\u00e7 (125x75mm), 5&#215;4 in\u00e7 (125x110mm), 6&#215;3 in\u00e7 (160x75mm), 6&#215;4 in\u00e7 (160x110mm), 6&#215;5 in\u00e7 (160x125mm), 8&#215;4 in\u00e7 (200x110mm), 8&#215;6 in\u00e7 (200x160mm)<\/strong><\/p>\n","protected":false},"featured_media":5296,"template":"","meta":{"_mi_skip_tracking":false},"product_cat":[190],"product_tag":[],"class_list":["post-5295","product","type-product","status-publish","has-post-thumbnail","hentry","product_cat-pvc-borular-ve-parcalari"],"_links":{"self":[{"href":"https:\/\/kosezadeinsaat.com\/ozkan-kosezade\/wp-json\/wp\/v2\/product\/5295","targetHints":{"allow":["GET"]}}],"collection":[{"href":"https:\/\/kosezadeinsaat.com\/ozkan-kosezade\/wp-json\/wp\/v2\/product"}],"about":[{"href":"https:\/\/kosezadeinsaat.com\/ozkan-kosezade\/wp-json\/wp\/v2\/types\/product"}],"wp:featuredmedia":[{"embeddable":true,"href":"https:\/\/kosezadeinsaat.com\/ozkan-kosezade\/wp-json\/wp\/v2\/media\/5296"}],"wp:attachment":[{"href":"https:\/\/kosezadeinsaat.com\/ozkan-kosezade\/wp-json\/wp\/v2\/media?parent=5295"}],"wp:term":[{"taxonomy":"product_cat","embeddable":true,"href":"https:\/\/kosezadeinsaat.com\/ozkan-kosezade\/wp-json\/wp\/v2\/product_cat?post=5295"},{"taxonomy":"product_tag","embeddable":true,"href":"https:\/\/kosezadeinsaat.com\/ozkan-kosezade\/wp-json\/wp\/v2\/product_tag?post=5295"}],"curies":[{"name":"wp","href":"https:\/\/api.w.org\/{rel}","templated":true}]}}