{"id":5283,"date":"2022-05-05T12:31:33","date_gmt":"2022-05-05T12:31:33","guid":{"rendered":"https:\/\/kosezadeinsaat.com\/ozkan-kosezade\/?post_type=product&#038;p=5283"},"modified":"2022-05-10T11:25:01","modified_gmt":"2022-05-10T11:25:01","slug":"elektrik-borulari","status":"publish","type":"product","link":"https:\/\/kosezadeinsaat.com\/ozkan-kosezade\/product\/elektrik-borulari\/","title":{"rendered":"ELEKTR\u0130K BORULARI"},"content":{"rendered":"","protected":false},"excerpt":{"rendered":"<p><strong>\u00d6l\u00e7\u00fc \u00c7e\u015fitleri: 5\/8, 3\/4, 1, 1 1\/4, 1 1\/2, 2 in\u00e7<\/strong><\/p>\n","protected":false},"featured_media":5284,"template":"","meta":{"_mi_skip_tracking":false},"product_cat":[190],"product_tag":[],"class_list":["post-5283","product","type-product","status-publish","has-post-thumbnail","hentry","product_cat-pvc-borular-ve-parcalari"],"_links":{"self":[{"href":"https:\/\/kosezadeinsaat.com\/ozkan-kosezade\/wp-json\/wp\/v2\/product\/5283","targetHints":{"allow":["GET"]}}],"collection":[{"href":"https:\/\/kosezadeinsaat.com\/ozkan-kosezade\/wp-json\/wp\/v2\/product"}],"about":[{"href":"https:\/\/kosezadeinsaat.com\/ozkan-kosezade\/wp-json\/wp\/v2\/types\/product"}],"wp:featuredmedia":[{"embeddable":true,"href":"https:\/\/kosezadeinsaat.com\/ozkan-kosezade\/wp-json\/wp\/v2\/media\/5284"}],"wp:attachment":[{"href":"https:\/\/kosezadeinsaat.com\/ozkan-kosezade\/wp-json\/wp\/v2\/media?parent=5283"}],"wp:term":[{"taxonomy":"product_cat","embeddable":true,"href":"https:\/\/kosezadeinsaat.com\/ozkan-kosezade\/wp-json\/wp\/v2\/product_cat?post=5283"},{"taxonomy":"product_tag","embeddable":true,"href":"https:\/\/kosezadeinsaat.com\/ozkan-kosezade\/wp-json\/wp\/v2\/product_tag?post=5283"}],"curies":[{"name":"wp","href":"https:\/\/api.w.org\/{rel}","templated":true}]}}