{"id":5247,"date":"2022-05-05T08:44:29","date_gmt":"2022-05-05T08:44:29","guid":{"rendered":"https:\/\/kosezadeinsaat.com\/ozkan-kosezade\/?post_type=product&#038;p=5247"},"modified":"2022-05-10T11:24:50","modified_gmt":"2022-05-10T11:24:50","slug":"rekorlu-manson","status":"publish","type":"product","link":"https:\/\/kosezadeinsaat.com\/ozkan-kosezade\/product\/rekorlu-manson\/","title":{"rendered":"REKORLU MAN\u015eON"},"content":{"rendered":"","protected":false},"excerpt":{"rendered":"<p><strong>\u00d6l\u00e7\u00fc \u00c7e\u015fitleri: 20&#215;1\/2, 25&#215;1\/2, 25&#215;3\/4<\/strong><\/p>\n","protected":false},"featured_media":5248,"template":"","meta":{"_mi_skip_tracking":false},"product_cat":[189],"product_tag":[],"class_list":["post-5247","product","type-product","status-publish","has-post-thumbnail","hentry","product_cat-pprc-borular-ve-parcalari"],"_links":{"self":[{"href":"https:\/\/kosezadeinsaat.com\/ozkan-kosezade\/wp-json\/wp\/v2\/product\/5247","targetHints":{"allow":["GET"]}}],"collection":[{"href":"https:\/\/kosezadeinsaat.com\/ozkan-kosezade\/wp-json\/wp\/v2\/product"}],"about":[{"href":"https:\/\/kosezadeinsaat.com\/ozkan-kosezade\/wp-json\/wp\/v2\/types\/product"}],"wp:featuredmedia":[{"embeddable":true,"href":"https:\/\/kosezadeinsaat.com\/ozkan-kosezade\/wp-json\/wp\/v2\/media\/5248"}],"wp:attachment":[{"href":"https:\/\/kosezadeinsaat.com\/ozkan-kosezade\/wp-json\/wp\/v2\/media?parent=5247"}],"wp:term":[{"taxonomy":"product_cat","embeddable":true,"href":"https:\/\/kosezadeinsaat.com\/ozkan-kosezade\/wp-json\/wp\/v2\/product_cat?post=5247"},{"taxonomy":"product_tag","embeddable":true,"href":"https:\/\/kosezadeinsaat.com\/ozkan-kosezade\/wp-json\/wp\/v2\/product_tag?post=5247"}],"curies":[{"name":"wp","href":"https:\/\/api.w.org\/{rel}","templated":true}]}}