{"id":5228,"date":"2022-05-05T08:12:05","date_gmt":"2022-05-05T08:12:05","guid":{"rendered":"https:\/\/kosezadeinsaat.com\/ozkan-kosezade\/?post_type=product&#038;p=5228"},"modified":"2024-02-12T13:55:09","modified_gmt":"2024-02-12T13:55:09","slug":"reduksiyon-bus","status":"publish","type":"product","link":"https:\/\/kosezadeinsaat.com\/ozkan-kosezade\/product\/reduksiyon-bus\/","title":{"rendered":"RED\u00dcKS\u0130YON (Bu\u015f)"},"content":{"rendered":"","protected":false},"excerpt":{"rendered":"<p><strong>\u00d6l\u00e7\u00fc \u00c7e\u015fitleri: 25x20mm, 32x20mm, 32x25mm, 40x20mm, 40x25mm, 40x32mm, 50x20mm, 50x25mm, 50x32mm, 50x40mm, 63x25mm, 63x32mm, 63x40mm, 63x50mm, 75x50mm, 75x63mm,<\/strong> <strong>90x50mm, 90x63mm, 90x75mm, 110x63mm,110x75mm, 110x90mm<\/strong><\/p>\n","protected":false},"featured_media":5787,"template":"","meta":{"_mi_skip_tracking":false},"product_cat":[189],"product_tag":[],"class_list":["post-5228","product","type-product","status-publish","has-post-thumbnail","hentry","product_cat-pprc-borular-ve-parcalari"],"_links":{"self":[{"href":"https:\/\/kosezadeinsaat.com\/ozkan-kosezade\/wp-json\/wp\/v2\/product\/5228","targetHints":{"allow":["GET"]}}],"collection":[{"href":"https:\/\/kosezadeinsaat.com\/ozkan-kosezade\/wp-json\/wp\/v2\/product"}],"about":[{"href":"https:\/\/kosezadeinsaat.com\/ozkan-kosezade\/wp-json\/wp\/v2\/types\/product"}],"wp:featuredmedia":[{"embeddable":true,"href":"https:\/\/kosezadeinsaat.com\/ozkan-kosezade\/wp-json\/wp\/v2\/media\/5787"}],"wp:attachment":[{"href":"https:\/\/kosezadeinsaat.com\/ozkan-kosezade\/wp-json\/wp\/v2\/media?parent=5228"}],"wp:term":[{"taxonomy":"product_cat","embeddable":true,"href":"https:\/\/kosezadeinsaat.com\/ozkan-kosezade\/wp-json\/wp\/v2\/product_cat?post=5228"},{"taxonomy":"product_tag","embeddable":true,"href":"https:\/\/kosezadeinsaat.com\/ozkan-kosezade\/wp-json\/wp\/v2\/product_tag?post=5228"}],"curies":[{"name":"wp","href":"https:\/\/api.w.org\/{rel}","templated":true}]}}