{"id":5226,"date":"2022-05-05T08:03:06","date_gmt":"2022-05-05T08:03:06","guid":{"rendered":"https:\/\/kosezadeinsaat.com\/ozkan-kosezade\/?post_type=product&#038;p=5226"},"modified":"2024-02-12T13:52:22","modified_gmt":"2024-02-12T13:52:22","slug":"manson-bilezik","status":"publish","type":"product","link":"https:\/\/kosezadeinsaat.com\/ozkan-kosezade\/product\/manson-bilezik\/","title":{"rendered":"MAN\u015eON (Bilezik)"},"content":{"rendered":"","protected":false},"excerpt":{"rendered":"<p><strong>\u00d6l\u00e7\u00fc \u00c7e\u015fitleri: 20mm, 25mm, 32mm, 40mm, 50mm, 63mm, 75mm, 90mm, 110mm<\/strong><\/p>\n","protected":false},"featured_media":5784,"template":"","meta":{"_mi_skip_tracking":false},"product_cat":[189],"product_tag":[],"class_list":["post-5226","product","type-product","status-publish","has-post-thumbnail","hentry","product_cat-pprc-borular-ve-parcalari"],"_links":{"self":[{"href":"https:\/\/kosezadeinsaat.com\/ozkan-kosezade\/wp-json\/wp\/v2\/product\/5226","targetHints":{"allow":["GET"]}}],"collection":[{"href":"https:\/\/kosezadeinsaat.com\/ozkan-kosezade\/wp-json\/wp\/v2\/product"}],"about":[{"href":"https:\/\/kosezadeinsaat.com\/ozkan-kosezade\/wp-json\/wp\/v2\/types\/product"}],"wp:featuredmedia":[{"embeddable":true,"href":"https:\/\/kosezadeinsaat.com\/ozkan-kosezade\/wp-json\/wp\/v2\/media\/5784"}],"wp:attachment":[{"href":"https:\/\/kosezadeinsaat.com\/ozkan-kosezade\/wp-json\/wp\/v2\/media?parent=5226"}],"wp:term":[{"taxonomy":"product_cat","embeddable":true,"href":"https:\/\/kosezadeinsaat.com\/ozkan-kosezade\/wp-json\/wp\/v2\/product_cat?post=5226"},{"taxonomy":"product_tag","embeddable":true,"href":"https:\/\/kosezadeinsaat.com\/ozkan-kosezade\/wp-json\/wp\/v2\/product_tag?post=5226"}],"curies":[{"name":"wp","href":"https:\/\/api.w.org\/{rel}","templated":true}]}}