{"id":5127,"date":"2022-04-29T07:36:23","date_gmt":"2022-04-29T07:36:23","guid":{"rendered":"https:\/\/kosezadeinsaat.com\/ozkan-kosezade\/?post_type=product&#038;p=5127"},"modified":"2022-05-10T11:24:13","modified_gmt":"2022-05-10T11:24:13","slug":"radyator-donus-vanasi-1-2-gv3","status":"publish","type":"product","link":"https:\/\/kosezadeinsaat.com\/ozkan-kosezade\/product\/radyator-donus-vanasi-1-2-gv3\/","title":{"rendered":"RADYAT\u00d6R D\u00d6N\u00dc\u015e VANASI 1\/2- GV3"},"content":{"rendered":"","protected":false},"excerpt":{"rendered":"","protected":false},"featured_media":5128,"template":"","meta":{"_mi_skip_tracking":false},"product_cat":[183],"product_tag":[],"class_list":["post-5127","product","type-product","status-publish","has-post-thumbnail","hentry","product_cat-valf-urunleri-e-c-a"],"_links":{"self":[{"href":"https:\/\/kosezadeinsaat.com\/ozkan-kosezade\/wp-json\/wp\/v2\/product\/5127","targetHints":{"allow":["GET"]}}],"collection":[{"href":"https:\/\/kosezadeinsaat.com\/ozkan-kosezade\/wp-json\/wp\/v2\/product"}],"about":[{"href":"https:\/\/kosezadeinsaat.com\/ozkan-kosezade\/wp-json\/wp\/v2\/types\/product"}],"wp:featuredmedia":[{"embeddable":true,"href":"https:\/\/kosezadeinsaat.com\/ozkan-kosezade\/wp-json\/wp\/v2\/media\/5128"}],"wp:attachment":[{"href":"https:\/\/kosezadeinsaat.com\/ozkan-kosezade\/wp-json\/wp\/v2\/media?parent=5127"}],"wp:term":[{"taxonomy":"product_cat","embeddable":true,"href":"https:\/\/kosezadeinsaat.com\/ozkan-kosezade\/wp-json\/wp\/v2\/product_cat?post=5127"},{"taxonomy":"product_tag","embeddable":true,"href":"https:\/\/kosezadeinsaat.com\/ozkan-kosezade\/wp-json\/wp\/v2\/product_tag?post=5127"}],"curies":[{"name":"wp","href":"https:\/\/api.w.org\/{rel}","templated":true}]}}