{"id":4698,"date":"2022-04-25T15:01:04","date_gmt":"2022-04-25T15:01:04","guid":{"rendered":"https:\/\/siteniincele.com\/kosezadeinsaat\/?post_type=product&#038;p=4698"},"modified":"2022-04-25T15:01:04","modified_gmt":"2022-04-25T15:01:04","slug":"asya-dus-basligi-duvardan","status":"publish","type":"product","link":"https:\/\/kosezadeinsaat.com\/ozkan-kosezade\/product\/asya-dus-basligi-duvardan\/","title":{"rendered":"ASYA Du\u015f Ba\u015fl\u0131\u011f\u0131- Duvardan"},"content":{"rendered":"","protected":false},"excerpt":{"rendered":"","protected":false},"featured_media":4699,"template":"","meta":{"_mi_skip_tracking":false},"product_cat":[160],"product_tag":[],"class_list":["post-4698","product","type-product","status-publish","has-post-thumbnail","hentry","product_cat-dus-sistemleri"],"_links":{"self":[{"href":"https:\/\/kosezadeinsaat.com\/ozkan-kosezade\/wp-json\/wp\/v2\/product\/4698","targetHints":{"allow":["GET"]}}],"collection":[{"href":"https:\/\/kosezadeinsaat.com\/ozkan-kosezade\/wp-json\/wp\/v2\/product"}],"about":[{"href":"https:\/\/kosezadeinsaat.com\/ozkan-kosezade\/wp-json\/wp\/v2\/types\/product"}],"wp:featuredmedia":[{"embeddable":true,"href":"https:\/\/kosezadeinsaat.com\/ozkan-kosezade\/wp-json\/wp\/v2\/media\/4699"}],"wp:attachment":[{"href":"https:\/\/kosezadeinsaat.com\/ozkan-kosezade\/wp-json\/wp\/v2\/media?parent=4698"}],"wp:term":[{"taxonomy":"product_cat","embeddable":true,"href":"https:\/\/kosezadeinsaat.com\/ozkan-kosezade\/wp-json\/wp\/v2\/product_cat?post=4698"},{"taxonomy":"product_tag","embeddable":true,"href":"https:\/\/kosezadeinsaat.com\/ozkan-kosezade\/wp-json\/wp\/v2\/product_tag?post=4698"}],"curies":[{"name":"wp","href":"https:\/\/api.w.org\/{rel}","templated":true}]}}