{"id":4664,"date":"2022-04-25T14:34:13","date_gmt":"2022-04-25T14:34:13","guid":{"rendered":"https:\/\/siteniincele.com\/kosezadeinsaat\/?post_type=product&#038;p=4664"},"modified":"2022-04-25T14:34:13","modified_gmt":"2022-04-25T14:34:13","slug":"terra-surgulu-dus-seti","status":"publish","type":"product","link":"https:\/\/kosezadeinsaat.com\/ozkan-kosezade\/product\/terra-surgulu-dus-seti\/","title":{"rendered":"TERRA S\u00fcrg\u00fcl\u00fc Du\u015f Seti"},"content":{"rendered":"","protected":false},"excerpt":{"rendered":"","protected":false},"featured_media":4665,"template":"","meta":{"_mi_skip_tracking":false},"product_cat":[160],"product_tag":[],"class_list":["post-4664","product","type-product","status-publish","has-post-thumbnail","hentry","product_cat-dus-sistemleri"],"_links":{"self":[{"href":"https:\/\/kosezadeinsaat.com\/ozkan-kosezade\/wp-json\/wp\/v2\/product\/4664","targetHints":{"allow":["GET"]}}],"collection":[{"href":"https:\/\/kosezadeinsaat.com\/ozkan-kosezade\/wp-json\/wp\/v2\/product"}],"about":[{"href":"https:\/\/kosezadeinsaat.com\/ozkan-kosezade\/wp-json\/wp\/v2\/types\/product"}],"wp:featuredmedia":[{"embeddable":true,"href":"https:\/\/kosezadeinsaat.com\/ozkan-kosezade\/wp-json\/wp\/v2\/media\/4665"}],"wp:attachment":[{"href":"https:\/\/kosezadeinsaat.com\/ozkan-kosezade\/wp-json\/wp\/v2\/media?parent=4664"}],"wp:term":[{"taxonomy":"product_cat","embeddable":true,"href":"https:\/\/kosezadeinsaat.com\/ozkan-kosezade\/wp-json\/wp\/v2\/product_cat?post=4664"},{"taxonomy":"product_tag","embeddable":true,"href":"https:\/\/kosezadeinsaat.com\/ozkan-kosezade\/wp-json\/wp\/v2\/product_tag?post=4664"}],"curies":[{"name":"wp","href":"https:\/\/api.w.org\/{rel}","templated":true}]}}