{"id":4627,"date":"2022-04-25T13:38:47","date_gmt":"2022-04-25T13:38:47","guid":{"rendered":"https:\/\/siteniincele.com\/kosezadeinsaat\/?post_type=product&#038;p=4627"},"modified":"2022-04-25T13:38:47","modified_gmt":"2022-04-25T13:38:47","slug":"cift-akisli-tekne-bataryasi","status":"publish","type":"product","link":"https:\/\/kosezadeinsaat.com\/ozkan-kosezade\/product\/cift-akisli-tekne-bataryasi\/","title":{"rendered":"\u00c7\u0130FT AKI\u015eLI Tekne Bataryas\u0131"},"content":{"rendered":"","protected":false},"excerpt":{"rendered":"<ul>\n<li>Filtre edilmi\u015f su giri\u015fli<\/li>\n<li>Filtre edilmi\u015f su i\u00e7in ayr\u0131 kumanda kolu<\/li>\n<li>\u00c7\u0131k\u0131\u015f ucu uzunlu\u011fu 191 mm\u2019dir<\/li>\n<li>\u00c7\u0131k\u0131\u015f ucu y\u00fcksekli\u011fi 225 mm\u2019dir<\/li>\n<li>Filtreleme sistemi \u00fcr\u00fcne dahil de\u011fildir<\/li>\n<li>Kire\u00e7 k\u0131r\u0131c\u0131l\u0131 perlat\u00f6r<\/li>\n<li>360\u00b0 d\u00f6ner \u00e7\u0131k\u0131\u015f u\u00e7lu<\/li>\n<li>3 bar bas\u0131n\u00e7ta su ak\u0131\u015f miktar\u0131 dakikada maksimum 7,8 lt\u2019dir<\/li>\n<\/ul>\n","protected":false},"featured_media":4628,"template":"","meta":{"_mi_skip_tracking":false},"product_cat":[158],"product_tag":[],"class_list":["post-4627","product","type-product","status-publish","has-post-thumbnail","hentry","product_cat-tekne-bataryasi"],"_links":{"self":[{"href":"https:\/\/kosezadeinsaat.com\/ozkan-kosezade\/wp-json\/wp\/v2\/product\/4627","targetHints":{"allow":["GET"]}}],"collection":[{"href":"https:\/\/kosezadeinsaat.com\/ozkan-kosezade\/wp-json\/wp\/v2\/product"}],"about":[{"href":"https:\/\/kosezadeinsaat.com\/ozkan-kosezade\/wp-json\/wp\/v2\/types\/product"}],"wp:featuredmedia":[{"embeddable":true,"href":"https:\/\/kosezadeinsaat.com\/ozkan-kosezade\/wp-json\/wp\/v2\/media\/4628"}],"wp:attachment":[{"href":"https:\/\/kosezadeinsaat.com\/ozkan-kosezade\/wp-json\/wp\/v2\/media?parent=4627"}],"wp:term":[{"taxonomy":"product_cat","embeddable":true,"href":"https:\/\/kosezadeinsaat.com\/ozkan-kosezade\/wp-json\/wp\/v2\/product_cat?post=4627"},{"taxonomy":"product_tag","embeddable":true,"href":"https:\/\/kosezadeinsaat.com\/ozkan-kosezade\/wp-json\/wp\/v2\/product_tag?post=4627"}],"curies":[{"name":"wp","href":"https:\/\/api.w.org\/{rel}","templated":true}]}}