{"id":4623,"date":"2022-04-25T13:35:16","date_gmt":"2022-04-25T13:35:16","guid":{"rendered":"https:\/\/siteniincele.com\/kosezadeinsaat\/?post_type=product&#038;p=4623"},"modified":"2022-04-25T13:35:16","modified_gmt":"2022-04-25T13:35:16","slug":"spylos-tekne-bataryasi","status":"publish","type":"product","link":"https:\/\/kosezadeinsaat.com\/ozkan-kosezade\/product\/spylos-tekne-bataryasi\/","title":{"rendered":"SPYLOS Tekne Bataryas\u0131"},"content":{"rendered":"","protected":false},"excerpt":{"rendered":"<ul>\n<li>\u00c7\u0131k\u0131\u015f ucu uzunlu\u011fu 192 mm&#8217;dir<\/li>\n<li>\u00c7\u0131k\u0131\u015f ucu y\u00fcksekli\u011fi 218 mm&#8217;dir<\/li>\n<li>Kire\u00e7 k\u0131r\u0131c\u0131l\u0131 perlat\u00f6r<\/li>\n<li>360\u00b0 d\u00f6ner \u00e7\u0131k\u0131\u015f u\u00e7lu<\/li>\n<li>3 bar bas\u0131n\u00e7ta su ak\u0131\u015f miktar\u0131 dakikada maksimum 7,7 lt<\/li>\n<\/ul>\n","protected":false},"featured_media":4624,"template":"","meta":{"_mi_skip_tracking":false},"product_cat":[158],"product_tag":[],"class_list":["post-4623","product","type-product","status-publish","has-post-thumbnail","hentry","product_cat-tekne-bataryasi"],"_links":{"self":[{"href":"https:\/\/kosezadeinsaat.com\/ozkan-kosezade\/wp-json\/wp\/v2\/product\/4623","targetHints":{"allow":["GET"]}}],"collection":[{"href":"https:\/\/kosezadeinsaat.com\/ozkan-kosezade\/wp-json\/wp\/v2\/product"}],"about":[{"href":"https:\/\/kosezadeinsaat.com\/ozkan-kosezade\/wp-json\/wp\/v2\/types\/product"}],"wp:featuredmedia":[{"embeddable":true,"href":"https:\/\/kosezadeinsaat.com\/ozkan-kosezade\/wp-json\/wp\/v2\/media\/4624"}],"wp:attachment":[{"href":"https:\/\/kosezadeinsaat.com\/ozkan-kosezade\/wp-json\/wp\/v2\/media?parent=4623"}],"wp:term":[{"taxonomy":"product_cat","embeddable":true,"href":"https:\/\/kosezadeinsaat.com\/ozkan-kosezade\/wp-json\/wp\/v2\/product_cat?post=4623"},{"taxonomy":"product_tag","embeddable":true,"href":"https:\/\/kosezadeinsaat.com\/ozkan-kosezade\/wp-json\/wp\/v2\/product_tag?post=4623"}],"curies":[{"name":"wp","href":"https:\/\/api.w.org\/{rel}","templated":true}]}}