{"id":4614,"date":"2022-04-25T13:28:42","date_gmt":"2022-04-25T13:28:42","guid":{"rendered":"https:\/\/siteniincele.com\/kosezadeinsaat\/?post_type=product&#038;p=4614"},"modified":"2022-04-25T13:28:42","modified_gmt":"2022-04-25T13:28:42","slug":"luna-tekne-bataryasi","status":"publish","type":"product","link":"https:\/\/kosezadeinsaat.com\/ozkan-kosezade\/product\/luna-tekne-bataryasi\/","title":{"rendered":"LUNA Tekne Bataryas\u0131"},"content":{"rendered":"","protected":false},"excerpt":{"rendered":"<ul>\n<li>\u00c7\u0131k\u0131s ucu uzunlu\u011fu 220 mm\u2019dir<\/li>\n<li>\u00c7\u0131k\u0131s ucu y\u00fcksekli\u011fi 195 mm\u2019dir<\/li>\n<li>\u00c7ift fonksiyonlu mafsall\u0131 el du\u015fu<\/li>\n<li>360\u00b0 d\u00f6ner \u00e7\u0131k\u0131\u015f u\u00e7lu<\/li>\n<li>3 bar bas\u0131n\u00e7ta su ak\u0131\u015f miktar\u0131 dakikada maksimum\u00a06,4 lt<\/li>\n<\/ul>\n","protected":false},"featured_media":4615,"template":"","meta":{"_mi_skip_tracking":false},"product_cat":[158],"product_tag":[],"class_list":["post-4614","product","type-product","status-publish","has-post-thumbnail","hentry","product_cat-tekne-bataryasi"],"_links":{"self":[{"href":"https:\/\/kosezadeinsaat.com\/ozkan-kosezade\/wp-json\/wp\/v2\/product\/4614","targetHints":{"allow":["GET"]}}],"collection":[{"href":"https:\/\/kosezadeinsaat.com\/ozkan-kosezade\/wp-json\/wp\/v2\/product"}],"about":[{"href":"https:\/\/kosezadeinsaat.com\/ozkan-kosezade\/wp-json\/wp\/v2\/types\/product"}],"wp:featuredmedia":[{"embeddable":true,"href":"https:\/\/kosezadeinsaat.com\/ozkan-kosezade\/wp-json\/wp\/v2\/media\/4615"}],"wp:attachment":[{"href":"https:\/\/kosezadeinsaat.com\/ozkan-kosezade\/wp-json\/wp\/v2\/media?parent=4614"}],"wp:term":[{"taxonomy":"product_cat","embeddable":true,"href":"https:\/\/kosezadeinsaat.com\/ozkan-kosezade\/wp-json\/wp\/v2\/product_cat?post=4614"},{"taxonomy":"product_tag","embeddable":true,"href":"https:\/\/kosezadeinsaat.com\/ozkan-kosezade\/wp-json\/wp\/v2\/product_tag?post=4614"}],"curies":[{"name":"wp","href":"https:\/\/api.w.org\/{rel}","templated":true}]}}