{"id":4339,"date":"2022-04-21T15:08:16","date_gmt":"2022-04-21T15:08:16","guid":{"rendered":"https:\/\/siteniincele.com\/kosezadeinsaat\/?post_type=product&#038;p=4339"},"modified":"2022-04-21T15:08:16","modified_gmt":"2022-04-21T15:08:16","slug":"hali-izolasyon-membran","status":"publish","type":"product","link":"https:\/\/kosezadeinsaat.com\/ozkan-kosezade\/product\/hali-izolasyon-membran\/","title":{"rendered":"Hal\u0131 \u0130zolasyon (Membran)"},"content":{"rendered":"<p>Membran, suyla daimi olarak temas halinde olan y\u00fczeylerin alt ya da \u00fcst b\u00f6l\u00fcmlerine su ge\u00e7i\u015flerine engel olmaya yarayan bir t\u00fcr izolasyon materyalidir.<\/p>\n","protected":false},"excerpt":{"rendered":"<p>Modeller:<\/p>\n<p>P-3000<\/p>\n<p>P-4000<\/p>\n<p>K\u0131rm\u0131z\u0131<\/p>\n<p>Ye\u015fil<\/p>\n","protected":false},"featured_media":4340,"template":"","meta":{"_mi_skip_tracking":false},"product_cat":[143],"product_tag":[],"class_list":["post-4339","product","type-product","status-publish","has-post-thumbnail","hentry","product_cat-yapi-kimyasallari-ve-izalasyon-urunleri"],"_links":{"self":[{"href":"https:\/\/kosezadeinsaat.com\/ozkan-kosezade\/wp-json\/wp\/v2\/product\/4339","targetHints":{"allow":["GET"]}}],"collection":[{"href":"https:\/\/kosezadeinsaat.com\/ozkan-kosezade\/wp-json\/wp\/v2\/product"}],"about":[{"href":"https:\/\/kosezadeinsaat.com\/ozkan-kosezade\/wp-json\/wp\/v2\/types\/product"}],"wp:featuredmedia":[{"embeddable":true,"href":"https:\/\/kosezadeinsaat.com\/ozkan-kosezade\/wp-json\/wp\/v2\/media\/4340"}],"wp:attachment":[{"href":"https:\/\/kosezadeinsaat.com\/ozkan-kosezade\/wp-json\/wp\/v2\/media?parent=4339"}],"wp:term":[{"taxonomy":"product_cat","embeddable":true,"href":"https:\/\/kosezadeinsaat.com\/ozkan-kosezade\/wp-json\/wp\/v2\/product_cat?post=4339"},{"taxonomy":"product_tag","embeddable":true,"href":"https:\/\/kosezadeinsaat.com\/ozkan-kosezade\/wp-json\/wp\/v2\/product_tag?post=4339"}],"curies":[{"name":"wp","href":"https:\/\/api.w.org\/{rel}","templated":true}]}}