{"id":4313,"date":"2022-04-21T14:23:20","date_gmt":"2022-04-21T14:23:20","guid":{"rendered":"https:\/\/siteniincele.com\/kosezadeinsaat\/?post_type=product&#038;p=4313"},"modified":"2022-04-21T14:23:21","modified_gmt":"2022-04-21T14:23:21","slug":"cermiproof-pu","status":"publish","type":"product","link":"https:\/\/kosezadeinsaat.com\/ozkan-kosezade\/product\/cermiproof-pu\/","title":{"rendered":"CERMIPROOF PU"},"content":{"rendered":"<p>Tek bile\u015fenli, kullan\u0131ma haz\u0131r, likit, farkl\u0131 y\u00fczeylere m\u00fckemmel \u015fekilde yap\u0131\u015farak \u00e7ok elastik ve dayan\u0131kl\u0131 bir film olu\u015fturarak y\u00fcksek mekanik ve kimyasal dayan\u0131ml\u0131, gerilme, y\u0131rt\u0131lma ve a\u015f\u0131nma direncine sahip, s\u00fcrekli elastik yap\u0131s\u0131 ile r\u00f6tre \u00e7atlaklar\u0131n\u0131 k\u00f6p\u00fcr\u00fcleme \u00f6zelli\u011fine sahip, havadaki nem ile reaksiyona girerek ku\u0308rlenen, <strong>poli\u00fcretan esasl\u0131 su yal\u0131t\u0131m malzemesidir.<\/strong><\/p>\n","protected":false},"excerpt":{"rendered":"<p>Tek bile\u015fenli, poli\u00fcretan esasl\u0131, likit, su yal\u0131t\u0131m malzemesi<\/p>\n<p>25 KG<\/p>\n","protected":false},"featured_media":4314,"template":"","meta":{"_mi_skip_tracking":false},"product_cat":[143],"product_tag":[],"class_list":["post-4313","product","type-product","status-publish","has-post-thumbnail","hentry","product_cat-yapi-kimyasallari-ve-izalasyon-urunleri"],"_links":{"self":[{"href":"https:\/\/kosezadeinsaat.com\/ozkan-kosezade\/wp-json\/wp\/v2\/product\/4313","targetHints":{"allow":["GET"]}}],"collection":[{"href":"https:\/\/kosezadeinsaat.com\/ozkan-kosezade\/wp-json\/wp\/v2\/product"}],"about":[{"href":"https:\/\/kosezadeinsaat.com\/ozkan-kosezade\/wp-json\/wp\/v2\/types\/product"}],"wp:featuredmedia":[{"embeddable":true,"href":"https:\/\/kosezadeinsaat.com\/ozkan-kosezade\/wp-json\/wp\/v2\/media\/4314"}],"wp:attachment":[{"href":"https:\/\/kosezadeinsaat.com\/ozkan-kosezade\/wp-json\/wp\/v2\/media?parent=4313"}],"wp:term":[{"taxonomy":"product_cat","embeddable":true,"href":"https:\/\/kosezadeinsaat.com\/ozkan-kosezade\/wp-json\/wp\/v2\/product_cat?post=4313"},{"taxonomy":"product_tag","embeddable":true,"href":"https:\/\/kosezadeinsaat.com\/ozkan-kosezade\/wp-json\/wp\/v2\/product_tag?post=4313"}],"curies":[{"name":"wp","href":"https:\/\/api.w.org\/{rel}","templated":true}]}}