{"id":4300,"date":"2022-04-21T13:37:30","date_gmt":"2022-04-21T13:37:30","guid":{"rendered":"https:\/\/siteniincele.com\/kosezadeinsaat\/?post_type=product&#038;p=4300"},"modified":"2022-04-21T14:09:05","modified_gmt":"2022-04-21T14:09:05","slug":"cermijoint-0-3-flex-derz-dolgu","status":"publish","type":"product","link":"https:\/\/kosezadeinsaat.com\/ozkan-kosezade\/product\/cermijoint-0-3-flex-derz-dolgu\/","title":{"rendered":"CERMIJOINT 0-3 FLEX (Derz Dolgu)"},"content":{"rendered":"<p>\u0130\u00e7 ve d\u0131\u015f mekanlarda, yatay ve dikey y\u00fczeylerde seramik aras\u0131 derz uygulamalar\u0131nda kullan\u0131l\u0131r. Su emme oran\u0131 d\u00fc\u015f\u00fck oldu\u011fundan \u0131slak hacimlerde, havuzlarda, teraslarda ve geni\u015f alanlarda kullan\u0131m\u0131 uygundur. \u00d6zellikle, cam mozaik, cam karo, rektifiye ve granit karo uygulamalar\u0131 i\u00e7in idealdir<\/p>\n","protected":false},"excerpt":{"rendered":"<p><strong>\u0130nce Dolgulu, Elastik, Silikon Katk\u0131l\u0131 Derz Dolgu Malzemesi<\/strong><\/p>\n<p>5 KG &#8211;\u00a0 20 KG<\/p>\n<p>Renk \u00c7e\u015fitleri: Beyaz, Buz Gri, Krem, Bej<\/p>\n","protected":false},"featured_media":4301,"template":"","meta":{"_mi_skip_tracking":false},"product_cat":[143],"product_tag":[],"class_list":["post-4300","product","type-product","status-publish","has-post-thumbnail","hentry","product_cat-yapi-kimyasallari-ve-izalasyon-urunleri"],"_links":{"self":[{"href":"https:\/\/kosezadeinsaat.com\/ozkan-kosezade\/wp-json\/wp\/v2\/product\/4300","targetHints":{"allow":["GET"]}}],"collection":[{"href":"https:\/\/kosezadeinsaat.com\/ozkan-kosezade\/wp-json\/wp\/v2\/product"}],"about":[{"href":"https:\/\/kosezadeinsaat.com\/ozkan-kosezade\/wp-json\/wp\/v2\/types\/product"}],"wp:featuredmedia":[{"embeddable":true,"href":"https:\/\/kosezadeinsaat.com\/ozkan-kosezade\/wp-json\/wp\/v2\/media\/4301"}],"wp:attachment":[{"href":"https:\/\/kosezadeinsaat.com\/ozkan-kosezade\/wp-json\/wp\/v2\/media?parent=4300"}],"wp:term":[{"taxonomy":"product_cat","embeddable":true,"href":"https:\/\/kosezadeinsaat.com\/ozkan-kosezade\/wp-json\/wp\/v2\/product_cat?post=4300"},{"taxonomy":"product_tag","embeddable":true,"href":"https:\/\/kosezadeinsaat.com\/ozkan-kosezade\/wp-json\/wp\/v2\/product_tag?post=4300"}],"curies":[{"name":"wp","href":"https:\/\/api.w.org\/{rel}","templated":true}]}}