{"id":4296,"date":"2022-04-21T13:26:52","date_gmt":"2022-04-21T13:26:52","guid":{"rendered":"https:\/\/siteniincele.com\/kosezadeinsaat\/?post_type=product&#038;p=4296"},"modified":"2022-04-21T13:44:52","modified_gmt":"2022-04-21T13:44:52","slug":"cermiflex-seramik-yapistiricisi","status":"publish","type":"product","link":"https:\/\/kosezadeinsaat.com\/ozkan-kosezade\/product\/cermiflex-seramik-yapistiricisi\/","title":{"rendered":"CERMIFLEX (Seramik Yap\u0131\u015ft\u0131r\u0131c\u0131s\u0131)"},"content":{"rendered":"<p>\u0130\u00e7 ve d\u0131\u015f mekanlarda, yatay ve dikey seramik uygulamalar\u0131nda kullan\u0131l\u0131r. Islak hacimlerde, teraslarda ve geni\u015f alanlarda kullan\u0131m\u0131 uygundur.<\/p>\n","protected":false},"excerpt":{"rendered":"<p><strong>Y\u00fcksek Performansl\u0131, Porselen Karo Yap\u0131\u015ft\u0131r\u0131c\u0131s\u0131<\/strong><\/p>\n<p>25 KG<\/p>\n<p>Renk \u00c7e\u015fitleri: Gri, Beyaz<\/p>\n","protected":false},"featured_media":4297,"template":"","meta":{"_mi_skip_tracking":false},"product_cat":[143],"product_tag":[],"class_list":["post-4296","product","type-product","status-publish","has-post-thumbnail","hentry","product_cat-yapi-kimyasallari-ve-izalasyon-urunleri"],"_links":{"self":[{"href":"https:\/\/kosezadeinsaat.com\/ozkan-kosezade\/wp-json\/wp\/v2\/product\/4296","targetHints":{"allow":["GET"]}}],"collection":[{"href":"https:\/\/kosezadeinsaat.com\/ozkan-kosezade\/wp-json\/wp\/v2\/product"}],"about":[{"href":"https:\/\/kosezadeinsaat.com\/ozkan-kosezade\/wp-json\/wp\/v2\/types\/product"}],"wp:featuredmedia":[{"embeddable":true,"href":"https:\/\/kosezadeinsaat.com\/ozkan-kosezade\/wp-json\/wp\/v2\/media\/4297"}],"wp:attachment":[{"href":"https:\/\/kosezadeinsaat.com\/ozkan-kosezade\/wp-json\/wp\/v2\/media?parent=4296"}],"wp:term":[{"taxonomy":"product_cat","embeddable":true,"href":"https:\/\/kosezadeinsaat.com\/ozkan-kosezade\/wp-json\/wp\/v2\/product_cat?post=4296"},{"taxonomy":"product_tag","embeddable":true,"href":"https:\/\/kosezadeinsaat.com\/ozkan-kosezade\/wp-json\/wp\/v2\/product_tag?post=4296"}],"curies":[{"name":"wp","href":"https:\/\/api.w.org\/{rel}","templated":true}]}}