{"id":4209,"date":"2022-04-20T08:24:25","date_gmt":"2022-04-20T08:24:25","guid":{"rendered":"https:\/\/siteniincele.com\/kosezadeinsaat\/?post_type=product&#038;p=4209"},"modified":"2024-02-12T14:27:04","modified_gmt":"2024-02-12T14:27:04","slug":"rogar","status":"publish","type":"product","link":"https:\/\/kosezadeinsaat.com\/ozkan-kosezade\/product\/rogar\/","title":{"rendered":"Rogar"},"content":{"rendered":"<p><strong>Rogar<\/strong>, yeralt\u0131nda \u00e7e\u015fitli y\u00f6nlerden gelen kanalizasyon borular\u0131n\u0131n y\u00f6n\u00fcn\u00fc de\u011fi\u015ftirmeye ve temizli\u011fine yarayan bacaya denir.<\/p>\n","protected":false},"excerpt":{"rendered":"<p>\u00d6l\u00e7\u00fc \u00c7e\u015fitleri: 40*40,\u00a0 30*30<\/p>\n","protected":false},"featured_media":4210,"template":"","meta":{"_mi_skip_tracking":false},"product_cat":[138],"product_tag":[],"class_list":["post-4209","product","type-product","status-publish","has-post-thumbnail","hentry","product_cat-temel-maddeler"],"_links":{"self":[{"href":"https:\/\/kosezadeinsaat.com\/ozkan-kosezade\/wp-json\/wp\/v2\/product\/4209","targetHints":{"allow":["GET"]}}],"collection":[{"href":"https:\/\/kosezadeinsaat.com\/ozkan-kosezade\/wp-json\/wp\/v2\/product"}],"about":[{"href":"https:\/\/kosezadeinsaat.com\/ozkan-kosezade\/wp-json\/wp\/v2\/types\/product"}],"wp:featuredmedia":[{"embeddable":true,"href":"https:\/\/kosezadeinsaat.com\/ozkan-kosezade\/wp-json\/wp\/v2\/media\/4210"}],"wp:attachment":[{"href":"https:\/\/kosezadeinsaat.com\/ozkan-kosezade\/wp-json\/wp\/v2\/media?parent=4209"}],"wp:term":[{"taxonomy":"product_cat","embeddable":true,"href":"https:\/\/kosezadeinsaat.com\/ozkan-kosezade\/wp-json\/wp\/v2\/product_cat?post=4209"},{"taxonomy":"product_tag","embeddable":true,"href":"https:\/\/kosezadeinsaat.com\/ozkan-kosezade\/wp-json\/wp\/v2\/product_tag?post=4209"}],"curies":[{"name":"wp","href":"https:\/\/api.w.org\/{rel}","templated":true}]}}