{"id":4207,"date":"2022-04-20T08:07:55","date_gmt":"2022-04-20T08:07:55","guid":{"rendered":"https:\/\/siteniincele.com\/kosezadeinsaat\/?post_type=product&#038;p=4207"},"modified":"2024-02-12T14:25:38","modified_gmt":"2024-02-12T14:25:38","slug":"buz","status":"publish","type":"product","link":"https:\/\/kosezadeinsaat.com\/ozkan-kosezade\/product\/buz\/","title":{"rendered":"B\u00fcz"},"content":{"rendered":"<p><strong>B\u00fcz, <\/strong>su ak\u0131tma i\u015flerinde kullan\u0131lmak \u00fczere pi\u015fmi\u015f topraktan ya da betondan yap\u0131lm\u0131\u015f, yer alt\u0131na d\u00f6\u015fenen kal\u0131n su veya at\u0131k su borusu,<\/p>\n","protected":false},"excerpt":{"rendered":"<p>\u00c7e\u015fitler: 50&#8217;lik -70&#8217;lik- 100&#8217;l\u00fck<\/p>\n","protected":false},"featured_media":4208,"template":"","meta":{"_mi_skip_tracking":false},"product_cat":[138],"product_tag":[],"class_list":["post-4207","product","type-product","status-publish","has-post-thumbnail","hentry","product_cat-temel-maddeler"],"_links":{"self":[{"href":"https:\/\/kosezadeinsaat.com\/ozkan-kosezade\/wp-json\/wp\/v2\/product\/4207","targetHints":{"allow":["GET"]}}],"collection":[{"href":"https:\/\/kosezadeinsaat.com\/ozkan-kosezade\/wp-json\/wp\/v2\/product"}],"about":[{"href":"https:\/\/kosezadeinsaat.com\/ozkan-kosezade\/wp-json\/wp\/v2\/types\/product"}],"wp:featuredmedia":[{"embeddable":true,"href":"https:\/\/kosezadeinsaat.com\/ozkan-kosezade\/wp-json\/wp\/v2\/media\/4208"}],"wp:attachment":[{"href":"https:\/\/kosezadeinsaat.com\/ozkan-kosezade\/wp-json\/wp\/v2\/media?parent=4207"}],"wp:term":[{"taxonomy":"product_cat","embeddable":true,"href":"https:\/\/kosezadeinsaat.com\/ozkan-kosezade\/wp-json\/wp\/v2\/product_cat?post=4207"},{"taxonomy":"product_tag","embeddable":true,"href":"https:\/\/kosezadeinsaat.com\/ozkan-kosezade\/wp-json\/wp\/v2\/product_tag?post=4207"}],"curies":[{"name":"wp","href":"https:\/\/api.w.org\/{rel}","templated":true}]}}