{"id":4564,"date":"2022-04-25T12:59:31","date_gmt":"2022-04-25T12:59:31","guid":{"rendered":"https:\/\/siteniincele.com\/kosezadeinsaat\/?page_id=4564"},"modified":"2022-04-25T12:59:31","modified_gmt":"2022-04-25T12:59:31","slug":"insan-kaynaklari","status":"publish","type":"page","link":"https:\/\/kosezadeinsaat.com\/ozkan-kosezade\/insan-kaynaklari\/","title":{"rendered":"\u0130nsan Kaynaklar\u0131"},"content":{"rendered":"<section class=\"kc-elm kc-css-183627 kc_row\"><div class=\"kc-row-container  kc-container\"><div class=\"kc-wrap-columns\"><div class=\"kc-elm kc-css-721231 kc_col-sm-12 kc_column kc_col-sm-12\"><div class=\"kc-col-container\"><div class=\"kc-elm kc_text_block\"><\/p>\n<p>D\u00fcr\u00fcstl\u00fck, dinamizm, de\u011fi\u015fen ko\u015fullara h\u0131zl\u0131 adaptasyon, i\u015fe odakl\u0131l\u0131k de\u011ferlerine sahip b\u00fcy\u00fck bir tak\u0131m\u0131z ve bu tak\u0131m\u0131 olu\u015ftururken kilometre ta\u015flar\u0131m\u0131z;<\/p>\n<ul>\n<li>\u015eirket ihtiyac\u0131na g\u00f6re do\u011fru i\u015fe do\u011fru eleman almak<\/li>\n<li>Al\u0131nan personelin en k\u0131sa ve en etkili \u015fekilde oryantasyonunun tamamlanmas\u0131n\u0131 sa\u011flamak<\/li>\n<li>Bireyleri destekleyerek, i\u015f s\u00fcre\u00e7lerine ve sonu\u00e7lar\u0131na yapt\u0131klar\u0131 katk\u0131n\u0131n \u015firket hedeflerine sa\u011flad\u0131\u011f\u0131 girdiyi g\u00f6zlemleyebilmek i\u00e7in motive etmek<\/li>\n<li>\u015eirket hedeflerine girdi sa\u011flama yolunda, s\u00fcrekli \u00f6\u011frenme ortam\u0131n\u0131n yarat\u0131larak \u00e7al\u0131\u015fanlar\u0131n bireysel geli\u015fimine katk\u0131 sa\u011flamak<\/li>\n<li>Yarat\u0131lan \u00e7al\u0131\u015fma ortam\u0131 ile ekip \u00e7al\u0131\u015fmas\u0131n\u0131 te\u015fvik ederek \u00e7al\u0131\u015fanlar\u0131m\u0131z\u0131n hedeflerinde daha ba\u015far\u0131l\u0131 olmas\u0131n\u0131 sa\u011flamak<\/li>\n<li>Tak\u0131m \u00e7al\u0131\u015fmas\u0131n\u0131 destekleyen \u00e7al\u0131\u015fma ortam\u0131n\u0131n s\u00fcreklili\u011fini ve kurumsal aidiyeti sa\u011flamak<\/li>\n<li>S\u00fcrekli geli\u015fen ve iyile\u015fen organizasyon olma ilkesinin \u015firket b\u00fcnyesinde benimsenmesine katk\u0131da bulunmak<\/li>\n<\/ul>\n<p>\n<\/div><\/div><\/div><\/div><\/div><\/section>\n","protected":false},"excerpt":{"rendered":"","protected":false},"author":1,"featured_media":4565,"parent":0,"menu_order":0,"comment_status":"closed","ping_status":"closed","template":"","meta":{"_mi_skip_tracking":false,"footnotes":""},"class_list":["post-4564","page","type-page","status-publish","has-post-thumbnail","hentry"],"_links":{"self":[{"href":"https:\/\/kosezadeinsaat.com\/ozkan-kosezade\/wp-json\/wp\/v2\/pages\/4564","targetHints":{"allow":["GET"]}}],"collection":[{"href":"https:\/\/kosezadeinsaat.com\/ozkan-kosezade\/wp-json\/wp\/v2\/pages"}],"about":[{"href":"https:\/\/kosezadeinsaat.com\/ozkan-kosezade\/wp-json\/wp\/v2\/types\/page"}],"author":[{"embeddable":true,"href":"https:\/\/kosezadeinsaat.com\/ozkan-kosezade\/wp-json\/wp\/v2\/users\/1"}],"replies":[{"embeddable":true,"href":"https:\/\/kosezadeinsaat.com\/ozkan-kosezade\/wp-json\/wp\/v2\/comments?post=4564"}],"version-history":[{"count":1,"href":"https:\/\/kosezadeinsaat.com\/ozkan-kosezade\/wp-json\/wp\/v2\/pages\/4564\/revisions"}],"predecessor-version":[{"id":4566,"href":"https:\/\/kosezadeinsaat.com\/ozkan-kosezade\/wp-json\/wp\/v2\/pages\/4564\/revisions\/4566"}],"wp:featuredmedia":[{"embeddable":true,"href":"https:\/\/kosezadeinsaat.com\/ozkan-kosezade\/wp-json\/wp\/v2\/media\/4565"}],"wp:attachment":[{"href":"https:\/\/kosezadeinsaat.com\/ozkan-kosezade\/wp-json\/wp\/v2\/media?parent=4564"}],"curies":[{"name":"wp","href":"https:\/\/api.w.org\/{rel}","templated":true}]}}